{"id":594,"date":"2021-03-10T15:45:12","date_gmt":"2021-03-10T15:45:12","guid":{"rendered":"https:\/\/www.oportoygarces.cl\/?page_id=594"},"modified":"2025-09-30T19:14:58","modified_gmt":"2025-09-30T19:14:58","slug":"ver-todos-los-servicios","status":"publish","type":"page","link":"https:\/\/www.oportoygarces.cl\/index.php\/ver-todos-los-servicios\/","title":{"rendered":"Ver Todos los Servicios"},"content":{"rendered":"\t\t<div data-elementor-type=\"wp-post\" data-elementor-id=\"594\" class=\"elementor elementor-594\" data-elementor-settings=\"[]\">\n\t\t\t\t\t\t\t<div class=\"elementor-section-wrap\">\n\t\t\t\t\t\t\t<section class=\"elementor-section elementor-top-section elementor-element elementor-element-aa379cf elementor-section-boxed elementor-section-height-default elementor-section-height-default\" data-id=\"aa379cf\" data-element_type=\"section\">\n\t\t\t\t\t\t<div class=\"elementor-container elementor-column-gap-default\">\n\t\t\t\t\t<div class=\"elementor-column elementor-col-50 elementor-top-column elementor-element elementor-element-0df0b33\" data-id=\"0df0b33\" data-element_type=\"column\">\n\t\t\t<div class=\"elementor-widget-wrap elementor-element-populated\">\n\t\t\t\t\t\t\t\t<div class=\"elementor-element elementor-element-b68b239 elementor-widget elementor-widget-heading\" data-id=\"b68b239\" data-element_type=\"widget\" data-widget_type=\"heading.default\">\n\t\t\t\t<div class=\"elementor-widget-container\">\n\t\t\t<h1 class=\"elementor-heading-title elementor-size-default\">Ver Todos los Servicios<\/h1>\t\t<\/div>\n\t\t\t\t<\/div>\n\t\t\t\t<div class=\"elementor-element elementor-element-cf2a8ae elementor-widget elementor-widget-text-editor\" data-id=\"cf2a8ae\" data-element_type=\"widget\" data-widget_type=\"text-editor.default\">\n\t\t\t\t<div class=\"elementor-widget-container\">\n\t\t\t\t\t<div class=\"elementor-text-editor elementor-clearfix\"><ul><li>Alineaci\u00f3n y balanceo<\/li><li>Cambio de parabrisas<\/li><li>Vulcanizaci\u00f3n<\/li><li>Prueba y reparaci\u00f3n de inyectores y bombas<\/li><li>Reparaci\u00f3n de turbos<\/li><li>Programaci\u00f3n de inyectores<\/li><li>Instalaci\u00f3n y ventas de balizas y sirenas<\/li><li>Carga y reparaci\u00f3n de aire acondicionado<\/li><li>Carga y reparaci\u00f3n de aire acondicionado<\/li><\/ul><\/div>\n\t\t\t\t<\/div>\n\t\t\t\t<\/div>\n\t\t\t\t\t<\/div>\n\t\t<\/div>\n\t\t\t\t<div class=\"elementor-column elementor-col-50 elementor-top-column elementor-element elementor-element-b69d542\" data-id=\"b69d542\" data-element_type=\"column\">\n\t\t\t<div class=\"elementor-widget-wrap\">\n\t\t\t\t\t\t\t\t\t<\/div>\n\t\t<\/div>\n\t\t\t\t\t\t\t<\/div>\n\t\t<\/section>\n\t\t\t\t<section class=\"elementor-section elementor-top-section elementor-element elementor-element-52fa572c elementor-section-full_width elementor-section-content-middle elementor-section-height-default elementor-section-height-default\" data-id=\"52fa572c\" data-element_type=\"section\">\n\t\t\t\t\t\t<div class=\"elementor-container elementor-column-gap-default\">\n\t\t\t\t\t<div class=\"elementor-column elementor-col-50 elementor-top-column elementor-element elementor-element-54127c4d\" data-id=\"54127c4d\" data-element_type=\"column\">\n\t\t\t<div class=\"elementor-widget-wrap elementor-element-populated\">\n\t\t\t\t\t\t\t\t<div class=\"elementor-element elementor-element-c7fcfb6 elementor-widget elementor-widget-heading\" data-id=\"c7fcfb6\" data-element_type=\"widget\" data-widget_type=\"heading.default\">\n\t\t\t\t<div class=\"elementor-widget-container\">\n\t\t\t<h2 class=\"elementor-heading-title elementor-size-default\">Encu\u00e9ntranos en Providencia en\nJos\u00e9 Manuel Infante 1146 \n<\/h2>\t\t<\/div>\n\t\t\t\t<\/div>\n\t\t\t\t<div class=\"elementor-element elementor-element-5b50f7b elementor-widget elementor-widget-google_maps\" data-id=\"5b50f7b\" data-element_type=\"widget\" data-widget_type=\"google_maps.default\">\n\t\t\t\t<div class=\"elementor-widget-container\">\n\t\t\t<div class=\"elementor-custom-embed\"><iframe frameborder=\"0\" scrolling=\"no\" marginheight=\"0\" marginwidth=\"0\" src=\"https:\/\/maps.google.com\/maps?q=Providencia%20Jos%C3%A9%20Manuel%20Infante%201146%20&amp;t=m&amp;z=14&amp;output=embed&amp;iwloc=near\" title=\"Providencia Jos\u00e9 Manuel Infante 1146 \" aria-label=\"Providencia Jos\u00e9 Manuel Infante 1146 \"><\/iframe><\/div>\t\t<\/div>\n\t\t\t\t<\/div>\n\t\t\t\t\t<\/div>\n\t\t<\/div>\n\t\t\t\t<div class=\"elementor-column elementor-col-50 elementor-top-column elementor-element elementor-element-7970f616\" data-id=\"7970f616\" data-element_type=\"column\" data-settings=\"{&quot;background_background&quot;:&quot;classic&quot;}\">\n\t\t\t<div class=\"elementor-widget-wrap elementor-element-populated\">\n\t\t\t\t\t\t\t\t<div class=\"elementor-element elementor-element-fd9f567 elementor-widget elementor-widget-heading\" data-id=\"fd9f567\" data-element_type=\"widget\" data-widget_type=\"heading.default\">\n\t\t\t\t<div class=\"elementor-widget-container\">\n\t\t\t<h2 class=\"elementor-heading-title elementor-size-default\">Nuestro horario de atenci\u00f3n<\/h2>\t\t<\/div>\n\t\t\t\t<\/div>\n\t\t\t\t<div class=\"elementor-element elementor-element-db5ad0d elementor-widget-divider--view-line elementor-widget elementor-widget-divider\" data-id=\"db5ad0d\" data-element_type=\"widget\" data-widget_type=\"divider.default\">\n\t\t\t\t<div class=\"elementor-widget-container\">\n\t\t\t\t\t<div class=\"elementor-divider\">\n\t\t\t<span class=\"elementor-divider-separator\">\n\t\t\t\t\t\t<\/span>\n\t\t<\/div>\n\t\t\t\t<\/div>\n\t\t\t\t<\/div>\n\t\t\t\t<div class=\"elementor-element elementor-element-1a744d3 elementor-widget elementor-widget-text-editor\" data-id=\"1a744d3\" data-element_type=\"widget\" data-widget_type=\"text-editor.default\">\n\t\t\t\t<div class=\"elementor-widget-container\">\n\t\t\t\t\t<div class=\"elementor-text-editor elementor-clearfix\"><p><b>De Lunes a jueves de 8:00 a 14:00 y de 15:00 a 18:00 hrs y viernes de 8:00 a 14:00 y de 15:00 a 17:00 hrs<\/b><\/p><p>\u2713 Mantenciones dentro del d\u00eda<\/p><p>\u2713 Certificado de manejo de desechos (aceite)<\/p><\/div>\n\t\t\t\t<\/div>\n\t\t\t\t<\/div>\n\t\t\t\t\t<\/div>\n\t\t<\/div>\n\t\t\t\t\t\t\t<\/div>\n\t\t<\/section>\n\t\t\t\t<section class=\"elementor-section elementor-top-section elementor-element elementor-element-57b9abd6 elementor-section-boxed elementor-section-height-default elementor-section-height-default\" data-id=\"57b9abd6\" data-element_type=\"section\">\n\t\t\t\t\t\t<div class=\"elementor-container elementor-column-gap-default\">\n\t\t\t\t\t<div class=\"elementor-column elementor-col-100 elementor-top-column elementor-element elementor-element-4bff56dc\" data-id=\"4bff56dc\" data-element_type=\"column\">\n\t\t\t<div class=\"elementor-widget-wrap elementor-element-populated\">\n\t\t\t\t\t\t\t\t<div class=\"elementor-element elementor-element-a58ccf6 elementor-widget elementor-widget-heading\" data-id=\"a58ccf6\" data-element_type=\"widget\" data-widget_type=\"heading.default\">\n\t\t\t\t<div class=\"elementor-widget-container\">\n\t\t\t<h2 class=\"elementor-heading-title elementor-size-default\">Escr\u00edbenos o cont\u00e1ctanos para hablar de tu flota o veh\u00edculo\n<\/h2>\t\t<\/div>\n\t\t\t\t<\/div>\n\t\t\t\t\t<\/div>\n\t\t<\/div>\n\t\t\t\t\t\t\t<\/div>\n\t\t<\/section>\n\t\t\t\t<section class=\"elementor-section elementor-top-section elementor-element elementor-element-71ceee8 elementor-section-boxed elementor-section-height-default elementor-section-height-default\" data-id=\"71ceee8\" data-element_type=\"section\">\n\t\t\t\t\t\t<div class=\"elementor-container elementor-column-gap-default\">\n\t\t\t\t\t<div class=\"elementor-column elementor-col-66 elementor-top-column elementor-element elementor-element-fd7d8c1\" data-id=\"fd7d8c1\" data-element_type=\"column\">\n\t\t\t<div class=\"elementor-widget-wrap elementor-element-populated\">\n\t\t\t\t\t\t\t\t<div class=\"elementor-element elementor-element-4fcd7be elementor-widget elementor-widget-wpforms\" data-id=\"4fcd7be\" data-element_type=\"widget\" data-widget_type=\"wpforms.default\">\n\t\t\t\t<div class=\"elementor-widget-container\">\n\t\t\t<div class=\"wpforms-container wpforms-container-full\" id=\"wpforms-484\"><form id=\"wpforms-form-484\" class=\"wpforms-validate wpforms-form\" data-formid=\"484\" method=\"post\" enctype=\"multipart\/form-data\" action=\"\/index.php\/wp-json\/wp\/v2\/pages\/594\" data-token=\"6456c186e90bc27bfec376c54fe0f08f\"><noscript class=\"wpforms-error-noscript\">Por favor, activa JavaScript en tu navegador para completar este formulario.<\/noscript><div class=\"wpforms-field-container\"><div id=\"wpforms-484-field_0-container\" class=\"wpforms-field wpforms-field-name\" data-field-id=\"0\"><label class=\"wpforms-field-label\" for=\"wpforms-484-field_0\">Nombre <span class=\"wpforms-required-label\">*<\/span><\/label><input type=\"text\" id=\"wpforms-484-field_0\" class=\"wpforms-field-medium wpforms-field-required\" name=\"wpforms[fields][0]\" required><\/div><div id=\"wpforms-484-field_1-container\" class=\"wpforms-field wpforms-field-email\" data-field-id=\"1\"><label class=\"wpforms-field-label\" for=\"wpforms-484-field_1\">Correo electr\u00f3nico <span class=\"wpforms-required-label\">*<\/span><\/label><input type=\"email\" id=\"wpforms-484-field_1\" class=\"wpforms-field-medium wpforms-field-required\" name=\"wpforms[fields][1]\" required><\/div><div id=\"wpforms-484-field_2-container\" class=\"wpforms-field wpforms-field-textarea\" data-field-id=\"2\"><label class=\"wpforms-field-label\" for=\"wpforms-484-field_2\">Comentario o mensaje <span class=\"wpforms-required-label\">*<\/span><\/label><textarea id=\"wpforms-484-field_2\" class=\"wpforms-field-medium wpforms-field-required\" name=\"wpforms[fields][2]\" required><\/textarea><\/div><\/div><div class=\"wpforms-submit-container\" ><input type=\"hidden\" name=\"wpforms[id]\" value=\"484\"><input type=\"hidden\" name=\"wpforms[author]\" value=\"2\"><button type=\"submit\" name=\"wpforms[submit]\" class=\"wpforms-submit \" id=\"wpforms-submit-484\" value=\"wpforms-submit\" aria-live=\"assertive\" data-alt-text=\"Enviando...\" data-submit-text=\"Enviar\">Enviar<\/button><\/div><\/form><\/div>  <!-- .wpforms-container -->\t\t<\/div>\n\t\t\t\t<\/div>\n\t\t\t\t\t<\/div>\n\t\t<\/div>\n\t\t\t\t<div class=\"elementor-column elementor-col-33 elementor-top-column elementor-element elementor-element-52eed3b\" data-id=\"52eed3b\" data-element_type=\"column\">\n\t\t\t<div class=\"elementor-widget-wrap elementor-element-populated\">\n\t\t\t\t\t\t\t\t<div class=\"elementor-element elementor-element-c4fafae elementor-widget elementor-widget-text-editor\" data-id=\"c4fafae\" data-element_type=\"widget\" data-widget_type=\"text-editor.default\">\n\t\t\t\t<div class=\"elementor-widget-container\">\n\t\t\t\t\t<div class=\"elementor-text-editor elementor-clearfix\"><p><strong>contacto@oportoygarces.cl<\/strong><br \/><b>TEL\u00c9FONO: +56 2 22055110<\/b><br \/><br \/><b>WhatsApp \/ Cel: + 56 9 9050 1378<\/b><\/p><\/div>\n\t\t\t\t<\/div>\n\t\t\t\t<\/div>\n\t\t\t\t\t<\/div>\n\t\t<\/div>\n\t\t\t\t\t\t\t<\/div>\n\t\t<\/section>\n\t\t\t\t\t\t<\/div>\n\t\t\t\t\t<\/div>\n\t\t","protected":false},"excerpt":{"rendered":"<p>Ver Todos los Servicios Alineaci\u00f3n y balanceo Cambio de parabrisas Vulcanizaci\u00f3n Prueba y reparaci\u00f3n de inyectores y bombas Reparaci\u00f3n de [&hellip;]<\/p>\n","protected":false},"author":2,"featured_media":0,"parent":0,"menu_order":0,"comment_status":"closed","ping_status":"closed","template":"page-templates\/template_page-builder.php","meta":{"footnotes":""},"yoast_head":"<!-- This site is optimized with the Yoast SEO plugin v16.1.1 - https:\/\/yoast.com\/wordpress\/plugins\/seo\/ -->\n<title>Ver Todos los Servicios - Oporto &amp; Garc\u00e9s<\/title>\n<meta name=\"description\" content=\"En O&amp;G ofrecemos servicios complementarios, desde alineaci\u00f3n y balanceo a reparaci\u00f3n de turbos. Conoce los detalles en la web o visita nuestro taller en Providencia.\" \/>\n<link rel=\"canonical\" href=\"https:\/\/www.oportoygarces.cl\/index.php\/ver-todos-los-servicios\/\" \/>\n<meta property=\"og:locale\" content=\"es_ES\" \/>\n<meta property=\"og:type\" content=\"article\" \/>\n<meta property=\"og:title\" content=\"Ver Todos los Servicios - Oporto &amp; Garc\u00e9s\" \/>\n<meta property=\"og:description\" content=\"En O&amp;G ofrecemos servicios complementarios, desde alineaci\u00f3n y balanceo a reparaci\u00f3n de turbos. Conoce los detalles en la web o visita nuestro taller en Providencia.\" \/>\n<meta property=\"og:url\" content=\"https:\/\/www.oportoygarces.cl\/index.php\/ver-todos-los-servicios\/\" \/>\n<meta property=\"og:site_name\" content=\"Oporto &amp; Garc\u00e9s\" \/>\n<meta property=\"article:modified_time\" content=\"2025-09-30T19:14:58+00:00\" \/>\n<meta name=\"twitter:card\" content=\"summary_large_image\" \/>\n<meta name=\"twitter:label1\" content=\"Tiempo de lectura\">\n\t<meta name=\"twitter:data1\" content=\"1 minuto\">\n<script type=\"application\/ld+json\" class=\"yoast-schema-graph\">{\"@context\":\"https:\/\/schema.org\",\"@graph\":[{\"@type\":\"WebSite\",\"@id\":\"https:\/\/www.oportoygarces.cl\/#website\",\"url\":\"https:\/\/www.oportoygarces.cl\/\",\"name\":\"Oporto &amp; Garc\\u00e9s\",\"description\":\"\",\"potentialAction\":[{\"@type\":\"SearchAction\",\"target\":\"https:\/\/www.oportoygarces.cl\/?s={search_term_string}\",\"query-input\":\"required name=search_term_string\"}],\"inLanguage\":\"es\"},{\"@type\":\"WebPage\",\"@id\":\"https:\/\/www.oportoygarces.cl\/index.php\/ver-todos-los-servicios\/#webpage\",\"url\":\"https:\/\/www.oportoygarces.cl\/index.php\/ver-todos-los-servicios\/\",\"name\":\"Ver Todos los Servicios - Oporto &amp; Garc\\u00e9s\",\"isPartOf\":{\"@id\":\"https:\/\/www.oportoygarces.cl\/#website\"},\"datePublished\":\"2021-03-10T15:45:12+00:00\",\"dateModified\":\"2025-09-30T19:14:58+00:00\",\"description\":\"En O&G ofrecemos servicios complementarios, desde alineaci\\u00f3n y balanceo a reparaci\\u00f3n de turbos. Conoce los detalles en la web o visita nuestro taller en Providencia.\",\"breadcrumb\":{\"@id\":\"https:\/\/www.oportoygarces.cl\/index.php\/ver-todos-los-servicios\/#breadcrumb\"},\"inLanguage\":\"es\",\"potentialAction\":[{\"@type\":\"ReadAction\",\"target\":[\"https:\/\/www.oportoygarces.cl\/index.php\/ver-todos-los-servicios\/\"]}]},{\"@type\":\"BreadcrumbList\",\"@id\":\"https:\/\/www.oportoygarces.cl\/index.php\/ver-todos-los-servicios\/#breadcrumb\",\"itemListElement\":[{\"@type\":\"ListItem\",\"position\":1,\"item\":{\"@type\":\"WebPage\",\"@id\":\"https:\/\/www.oportoygarces.cl\/\",\"url\":\"https:\/\/www.oportoygarces.cl\/\",\"name\":\"Portada\"}},{\"@type\":\"ListItem\",\"position\":2,\"item\":{\"@type\":\"WebPage\",\"@id\":\"https:\/\/www.oportoygarces.cl\/index.php\/ver-todos-los-servicios\/\",\"url\":\"https:\/\/www.oportoygarces.cl\/index.php\/ver-todos-los-servicios\/\",\"name\":\"Ver Todos los Servicios\"}}]}]}<\/script>\n<!-- \/ Yoast SEO plugin. -->","_links":{"self":[{"href":"https:\/\/www.oportoygarces.cl\/index.php\/wp-json\/wp\/v2\/pages\/594"}],"collection":[{"href":"https:\/\/www.oportoygarces.cl\/index.php\/wp-json\/wp\/v2\/pages"}],"about":[{"href":"https:\/\/www.oportoygarces.cl\/index.php\/wp-json\/wp\/v2\/types\/page"}],"author":[{"embeddable":true,"href":"https:\/\/www.oportoygarces.cl\/index.php\/wp-json\/wp\/v2\/users\/2"}],"replies":[{"embeddable":true,"href":"https:\/\/www.oportoygarces.cl\/index.php\/wp-json\/wp\/v2\/comments?post=594"}],"version-history":[{"count":17,"href":"https:\/\/www.oportoygarces.cl\/index.php\/wp-json\/wp\/v2\/pages\/594\/revisions"}],"predecessor-version":[{"id":1000,"href":"https:\/\/www.oportoygarces.cl\/index.php\/wp-json\/wp\/v2\/pages\/594\/revisions\/1000"}],"wp:attachment":[{"href":"https:\/\/www.oportoygarces.cl\/index.php\/wp-json\/wp\/v2\/media?parent=594"}],"curies":[{"name":"wp","href":"https:\/\/api.w.org\/{rel}","templated":true}]}}